{"id":105,"date":"2015-07-23T18:06:37","date_gmt":"2015-07-23T16:06:37","guid":{"rendered":"http:\/\/www.ekonuta.pl\/?post_type=product&#038;p=105"},"modified":"2022-01-13T19:49:45","modified_gmt":"2022-01-13T18:49:45","slug":"tloczony-sok-jablkowy-ze-starych-odmian-jabloni-5l-2","status":"publish","type":"product","link":"https:\/\/www.ekonuta.pl\/?product=tloczony-sok-jablkowy-ze-starych-odmian-jabloni-5l-2","title":{"rendered":"T\u0142oczony sok jab\u0142kowy ze starych odmian jab\u0142oni 5L &#8211; BIO"},"content":{"rendered":"","protected":false},"excerpt":{"rendered":"<p>Certyfikowany sok ekologiczny, t\u0142oczony z owoc\u00f3w starych odmian jab\u0142oni tj. Malinowa Oberlandzka, Z\u0142ota Reneta, Szara Reneta, Cesarz Wilhelm, Bancroft, McIntosh.<\/p>\n<p>Produkt wyr\u00f3\u017cniony na targach <em>NATURA food 2015 w kategorii <em>Produkty Ekologiczne Polskie.<\/em><\/em><\/p>\n","protected":false},"featured_media":334,"comment_status":"closed","ping_status":"closed","template":"","meta":{"jetpack_post_was_ever_published":false,"jetpack_publicize_message":"","jetpack_publicize_feature_enabled":true,"jetpack_social_post_already_shared":false,"jetpack_social_options":{"image_generator_settings":{"template":"highway","default_image_id":0,"font":"","enabled":false},"version":2}},"product_brand":[],"product_cat":[8],"product_tag":[20,21,18,19],"class_list":{"0":"post-105","1":"product","2":"type-product","3":"status-publish","4":"has-post-thumbnail","6":"product_cat-soki","7":"product_tag-natura-food-2015","8":"product_tag-natura-food-ekonuta","9":"product_tag-sok","10":"product_tag-stare-jablonie","12":"first","13":"outofstock","14":"taxable","15":"shipping-taxable","16":"purchasable","17":"product-type-simple","18":"czr-hentry"},"yoast_head":"<!-- This site is optimized with the Yoast SEO plugin v27.2 - https:\/\/yoast.com\/product\/yoast-seo-wordpress\/ -->\n<title>T\u0142oczony sok jab\u0142kowy ze starych odmian jab\u0142oni 5L - BIO - EKONUTA<\/title>\n<meta name=\"description\" content=\"Certyfikowany sok ekologiczny, t\u0142oczony z owoc\u00f3w starych odmian jab\u0142oni tj. Malinowa Oberlandzka, Z\u0142ota Reneta, Szara Reneta, Cesarz Wilhelm, Bancroft, McIntosh.\" \/>\n<meta name=\"robots\" content=\"index, follow, max-snippet:-1, max-image-preview:large, max-video-preview:-1\" \/>\n<link rel=\"canonical\" href=\"https:\/\/www.ekonuta.pl\/?product=tloczony-sok-jablkowy-ze-starych-odmian-jabloni-5l-2\" \/>\n<meta property=\"og:locale\" content=\"pl_PL\" \/>\n<meta property=\"og:type\" content=\"article\" \/>\n<meta property=\"og:title\" content=\"T\u0142oczony sok jab\u0142kowy ze starych odmian jab\u0142oni 5L - BIO - EKONUTA\" \/>\n<meta property=\"og:description\" content=\"Certyfikowany sok ekologiczny, t\u0142oczony z owoc\u00f3w starych odmian jab\u0142oni tj. Malinowa Oberlandzka, Z\u0142ota Reneta, Szara Reneta, Cesarz Wilhelm, Bancroft, McIntosh.\" \/>\n<meta property=\"og:url\" content=\"https:\/\/www.ekonuta.pl\/?product=tloczony-sok-jablkowy-ze-starych-odmian-jabloni-5l-2\" \/>\n<meta property=\"og:site_name\" content=\"EKONUTA\" \/>\n<meta property=\"article:modified_time\" content=\"2022-01-13T18:49:45+00:00\" \/>\n<meta property=\"og:image\" content=\"https:\/\/i1.wp.com\/www.ekonuta.pl\/wp-content\/uploads\/2015\/07\/wiz1-5l-600x600.png?fit=600%2C600&ssl=1\" \/>\n\t<meta property=\"og:image:width\" content=\"600\" \/>\n\t<meta property=\"og:image:height\" content=\"600\" \/>\n\t<meta property=\"og:image:type\" content=\"image\/png\" \/>\n<meta name=\"twitter:card\" content=\"summary_large_image\" \/>\n<script type=\"application\/ld+json\" class=\"yoast-schema-graph\">{\"@context\":\"https:\/\/schema.org\",\"@graph\":[{\"@type\":\"WebPage\",\"@id\":\"https:\/\/www.ekonuta.pl\/?product=tloczony-sok-jablkowy-ze-starych-odmian-jabloni-5l-2\",\"url\":\"https:\/\/www.ekonuta.pl\/?product=tloczony-sok-jablkowy-ze-starych-odmian-jabloni-5l-2\",\"name\":\"T\u0142oczony sok jab\u0142kowy ze starych odmian jab\u0142oni 5L - BIO - EKONUTA\",\"isPartOf\":{\"@id\":\"https:\/\/www.ekonuta.pl\/#website\"},\"primaryImageOfPage\":{\"@id\":\"https:\/\/www.ekonuta.pl\/?product=tloczony-sok-jablkowy-ze-starych-odmian-jabloni-5l-2#primaryimage\"},\"image\":{\"@id\":\"https:\/\/www.ekonuta.pl\/?product=tloczony-sok-jablkowy-ze-starych-odmian-jabloni-5l-2#primaryimage\"},\"thumbnailUrl\":\"https:\/\/i0.wp.com\/www.ekonuta.pl\/wp-content\/uploads\/2015\/07\/wiz1-5l-600x600.png?fit=600%2C600&ssl=1\",\"datePublished\":\"2015-07-23T16:06:37+00:00\",\"dateModified\":\"2022-01-13T18:49:45+00:00\",\"description\":\"Certyfikowany sok ekologiczny, t\u0142oczony z owoc\u00f3w starych odmian jab\u0142oni tj. Malinowa Oberlandzka, Z\u0142ota Reneta, Szara Reneta, Cesarz Wilhelm, Bancroft, McIntosh.\",\"breadcrumb\":{\"@id\":\"https:\/\/www.ekonuta.pl\/?product=tloczony-sok-jablkowy-ze-starych-odmian-jabloni-5l-2#breadcrumb\"},\"inLanguage\":\"pl-PL\",\"potentialAction\":[{\"@type\":\"ReadAction\",\"target\":[\"https:\/\/www.ekonuta.pl\/?product=tloczony-sok-jablkowy-ze-starych-odmian-jabloni-5l-2\"]}]},{\"@type\":\"ImageObject\",\"inLanguage\":\"pl-PL\",\"@id\":\"https:\/\/www.ekonuta.pl\/?product=tloczony-sok-jablkowy-ze-starych-odmian-jabloni-5l-2#primaryimage\",\"url\":\"https:\/\/i0.wp.com\/www.ekonuta.pl\/wp-content\/uploads\/2015\/07\/wiz1-5l-600x600.png?fit=600%2C600&ssl=1\",\"contentUrl\":\"https:\/\/i0.wp.com\/www.ekonuta.pl\/wp-content\/uploads\/2015\/07\/wiz1-5l-600x600.png?fit=600%2C600&ssl=1\",\"width\":600,\"height\":600},{\"@type\":\"BreadcrumbList\",\"@id\":\"https:\/\/www.ekonuta.pl\/?product=tloczony-sok-jablkowy-ze-starych-odmian-jabloni-5l-2#breadcrumb\",\"itemListElement\":[{\"@type\":\"ListItem\",\"position\":1,\"name\":\"Strona g\u0142\u00f3wna\",\"item\":\"https:\/\/www.ekonuta.pl\/\"},{\"@type\":\"ListItem\",\"position\":2,\"name\":\"Sklep\",\"item\":\"https:\/\/www.ekonuta.pl\/?page_id=59\"},{\"@type\":\"ListItem\",\"position\":3,\"name\":\"T\u0142oczony sok jab\u0142kowy ze starych odmian jab\u0142oni 5L &#8211; BIO\"}]},{\"@type\":\"WebSite\",\"@id\":\"https:\/\/www.ekonuta.pl\/#website\",\"url\":\"https:\/\/www.ekonuta.pl\/\",\"name\":\"EKONUTA\",\"description\":\"Tradycyjne produkty ekologiczne z owoc\u00f3w starych odmian jab\u0142oni - dawny smak owoc\u00f3w\",\"potentialAction\":[{\"@type\":\"SearchAction\",\"target\":{\"@type\":\"EntryPoint\",\"urlTemplate\":\"https:\/\/www.ekonuta.pl\/?s={search_term_string}\"},\"query-input\":{\"@type\":\"PropertyValueSpecification\",\"valueRequired\":true,\"valueName\":\"search_term_string\"}}],\"inLanguage\":\"pl-PL\"}]}<\/script>\n<!-- \/ Yoast SEO plugin. -->","yoast_head_json":{"title":"T\u0142oczony sok jab\u0142kowy ze starych odmian jab\u0142oni 5L - BIO - EKONUTA","description":"Certyfikowany sok ekologiczny, t\u0142oczony z owoc\u00f3w starych odmian jab\u0142oni tj. Malinowa Oberlandzka, Z\u0142ota Reneta, Szara Reneta, Cesarz Wilhelm, Bancroft, McIntosh.","robots":{"index":"index","follow":"follow","max-snippet":"max-snippet:-1","max-image-preview":"max-image-preview:large","max-video-preview":"max-video-preview:-1"},"canonical":"https:\/\/www.ekonuta.pl\/?product=tloczony-sok-jablkowy-ze-starych-odmian-jabloni-5l-2","og_locale":"pl_PL","og_type":"article","og_title":"T\u0142oczony sok jab\u0142kowy ze starych odmian jab\u0142oni 5L - BIO - EKONUTA","og_description":"Certyfikowany sok ekologiczny, t\u0142oczony z owoc\u00f3w starych odmian jab\u0142oni tj. Malinowa Oberlandzka, Z\u0142ota Reneta, Szara Reneta, Cesarz Wilhelm, Bancroft, McIntosh.","og_url":"https:\/\/www.ekonuta.pl\/?product=tloczony-sok-jablkowy-ze-starych-odmian-jabloni-5l-2","og_site_name":"EKONUTA","article_modified_time":"2022-01-13T18:49:45+00:00","og_image":[{"width":600,"height":600,"url":"https:\/\/i1.wp.com\/www.ekonuta.pl\/wp-content\/uploads\/2015\/07\/wiz1-5l-600x600.png?fit=600%2C600&ssl=1","type":"image\/png"}],"twitter_card":"summary_large_image","schema":{"@context":"https:\/\/schema.org","@graph":[{"@type":"WebPage","@id":"https:\/\/www.ekonuta.pl\/?product=tloczony-sok-jablkowy-ze-starych-odmian-jabloni-5l-2","url":"https:\/\/www.ekonuta.pl\/?product=tloczony-sok-jablkowy-ze-starych-odmian-jabloni-5l-2","name":"T\u0142oczony sok jab\u0142kowy ze starych odmian jab\u0142oni 5L - BIO - EKONUTA","isPartOf":{"@id":"https:\/\/www.ekonuta.pl\/#website"},"primaryImageOfPage":{"@id":"https:\/\/www.ekonuta.pl\/?product=tloczony-sok-jablkowy-ze-starych-odmian-jabloni-5l-2#primaryimage"},"image":{"@id":"https:\/\/www.ekonuta.pl\/?product=tloczony-sok-jablkowy-ze-starych-odmian-jabloni-5l-2#primaryimage"},"thumbnailUrl":"https:\/\/i0.wp.com\/www.ekonuta.pl\/wp-content\/uploads\/2015\/07\/wiz1-5l-600x600.png?fit=600%2C600&ssl=1","datePublished":"2015-07-23T16:06:37+00:00","dateModified":"2022-01-13T18:49:45+00:00","description":"Certyfikowany sok ekologiczny, t\u0142oczony z owoc\u00f3w starych odmian jab\u0142oni tj. Malinowa Oberlandzka, Z\u0142ota Reneta, Szara Reneta, Cesarz Wilhelm, Bancroft, McIntosh.","breadcrumb":{"@id":"https:\/\/www.ekonuta.pl\/?product=tloczony-sok-jablkowy-ze-starych-odmian-jabloni-5l-2#breadcrumb"},"inLanguage":"pl-PL","potentialAction":[{"@type":"ReadAction","target":["https:\/\/www.ekonuta.pl\/?product=tloczony-sok-jablkowy-ze-starych-odmian-jabloni-5l-2"]}]},{"@type":"ImageObject","inLanguage":"pl-PL","@id":"https:\/\/www.ekonuta.pl\/?product=tloczony-sok-jablkowy-ze-starych-odmian-jabloni-5l-2#primaryimage","url":"https:\/\/i0.wp.com\/www.ekonuta.pl\/wp-content\/uploads\/2015\/07\/wiz1-5l-600x600.png?fit=600%2C600&ssl=1","contentUrl":"https:\/\/i0.wp.com\/www.ekonuta.pl\/wp-content\/uploads\/2015\/07\/wiz1-5l-600x600.png?fit=600%2C600&ssl=1","width":600,"height":600},{"@type":"BreadcrumbList","@id":"https:\/\/www.ekonuta.pl\/?product=tloczony-sok-jablkowy-ze-starych-odmian-jabloni-5l-2#breadcrumb","itemListElement":[{"@type":"ListItem","position":1,"name":"Strona g\u0142\u00f3wna","item":"https:\/\/www.ekonuta.pl\/"},{"@type":"ListItem","position":2,"name":"Sklep","item":"https:\/\/www.ekonuta.pl\/?page_id=59"},{"@type":"ListItem","position":3,"name":"T\u0142oczony sok jab\u0142kowy ze starych odmian jab\u0142oni 5L &#8211; BIO"}]},{"@type":"WebSite","@id":"https:\/\/www.ekonuta.pl\/#website","url":"https:\/\/www.ekonuta.pl\/","name":"EKONUTA","description":"Tradycyjne produkty ekologiczne z owoc\u00f3w starych odmian jab\u0142oni - dawny smak owoc\u00f3w","potentialAction":[{"@type":"SearchAction","target":{"@type":"EntryPoint","urlTemplate":"https:\/\/www.ekonuta.pl\/?s={search_term_string}"},"query-input":{"@type":"PropertyValueSpecification","valueRequired":true,"valueName":"search_term_string"}}],"inLanguage":"pl-PL"}]}},"jetpack_publicize_connections":[],"jetpack_sharing_enabled":true,"_links":{"self":[{"href":"https:\/\/www.ekonuta.pl\/index.php?rest_route=\/wp\/v2\/product\/105","targetHints":{"allow":["GET"]}}],"collection":[{"href":"https:\/\/www.ekonuta.pl\/index.php?rest_route=\/wp\/v2\/product"}],"about":[{"href":"https:\/\/www.ekonuta.pl\/index.php?rest_route=\/wp\/v2\/types\/product"}],"replies":[{"embeddable":true,"href":"https:\/\/www.ekonuta.pl\/index.php?rest_route=%2Fwp%2Fv2%2Fcomments&post=105"}],"wp:featuredmedia":[{"embeddable":true,"href":"https:\/\/www.ekonuta.pl\/index.php?rest_route=\/wp\/v2\/media\/334"}],"wp:attachment":[{"href":"https:\/\/www.ekonuta.pl\/index.php?rest_route=%2Fwp%2Fv2%2Fmedia&parent=105"}],"wp:term":[{"taxonomy":"product_brand","embeddable":true,"href":"https:\/\/www.ekonuta.pl\/index.php?rest_route=%2Fwp%2Fv2%2Fproduct_brand&post=105"},{"taxonomy":"product_cat","embeddable":true,"href":"https:\/\/www.ekonuta.pl\/index.php?rest_route=%2Fwp%2Fv2%2Fproduct_cat&post=105"},{"taxonomy":"product_tag","embeddable":true,"href":"https:\/\/www.ekonuta.pl\/index.php?rest_route=%2Fwp%2Fv2%2Fproduct_tag&post=105"}],"curies":[{"name":"wp","href":"https:\/\/api.w.org\/{rel}","templated":true}]}}