{"id":4,"date":"2015-07-02T14:42:07","date_gmt":"2015-07-02T14:42:07","guid":{"rendered":"http:\/\/www.ekonuta.pl\/?page_id=4"},"modified":"2020-02-07T10:01:25","modified_gmt":"2020-02-07T09:01:25","slug":"o-nas","status":"publish","type":"page","link":"https:\/\/www.ekonuta.pl\/?page_id=4","title":{"rendered":"O nas"},"content":{"rendered":"<blockquote><p>EKONUTA jest kontynuacj\u0105 pokoleniowej dzia\u0142alno\u015bci sadowniczej, zapocz\u0105tkowanej przez moich rodzic\u00f3w, kt\u00f3rzy w 1964 roku za\u0142o\u017cyli sad owocowy wykorzystuj\u0105c do nasadze\u0144 g\u0142\u00f3wnie stare odmiany jab\u0142oni takie, jak: Malinowa Oberlandzka, Szara Reneta, Z\u0142ota Reneta, Cesarz Wilhelm, Bancroft, Cortland, McIntosh, Boiken, Oliwka \u017b\u00f3\u0142ta. Sad ten w niezmienionej postaci przetrwa\u0142 po dzi\u015b dzie\u0144. S\u0105 to wysokopienne drzewa jab\u0142oniowe rozmiar\u00f3w dochodz\u0105cych do 9-10 metr\u00f3w wysoko\u015bci i pniach trudnych do obj\u0119cia doros\u0142emu cz\u0142owiekowi, pi\u0119knie i obficie przy tym owocuj\u0105cych i to z ich owoc\u00f3w w\u0142a\u015bnie powstaj\u0105 wytwarzane przez nas <a href=\"?page_id=28\" data-wplink-edit=\"true\">produkty.<\/a><\/p><\/blockquote>\n<p><a href=\"https:\/\/i0.wp.com\/www.ekonuta.pl\/wp-content\/uploads\/2015\/07\/IMG_20150815_120358.jpg\"><img data-recalc-dims=\"1\" loading=\"lazy\" decoding=\"async\" data-attachment-id=\"153\" data-permalink=\"https:\/\/www.ekonuta.pl\/?attachment_id=153\" data-orig-file=\"https:\/\/i0.wp.com\/www.ekonuta.pl\/wp-content\/uploads\/2015\/07\/IMG_20150815_120358-e1631895203165.jpg?fit=1328%2C747&amp;ssl=1\" data-orig-size=\"1328,747\" data-comments-opened=\"0\" data-image-meta=\"{&quot;aperture&quot;:&quot;2.25&quot;,&quot;credit&quot;:&quot;&quot;,&quot;camera&quot;:&quot;BlackBerry Z10&quot;,&quot;caption&quot;:&quot;&quot;,&quot;created_timestamp&quot;:&quot;1439640237&quot;,&quot;copyright&quot;:&quot;&quot;,&quot;focal_length&quot;:&quot;4.04&quot;,&quot;iso&quot;:&quot;70&quot;,&quot;shutter_speed&quot;:&quot;0.0012&quot;,&quot;title&quot;:&quot;&quot;,&quot;orientation&quot;:&quot;1&quot;}\" data-image-title=\"IMG_20150815_120358\" data-image-description=\"\" data-image-caption=\"\" data-medium-file=\"https:\/\/i0.wp.com\/www.ekonuta.pl\/wp-content\/uploads\/2015\/07\/IMG_20150815_120358-e1631895203165.jpg?fit=300%2C169&amp;ssl=1\" data-large-file=\"https:\/\/i0.wp.com\/www.ekonuta.pl\/wp-content\/uploads\/2015\/07\/IMG_20150815_120358-e1631895203165.jpg?fit=1024%2C576&amp;ssl=1\" class=\"alignleft size-medium wp-image-153\" src=\"https:\/\/i0.wp.com\/www.ekonuta.pl\/wp-content\/uploads\/2015\/07\/IMG_20150815_120358-300x169.jpg?resize=300%2C169\" alt=\"\" width=\"300\" height=\"169\" \/><\/a>Przez wiele pokole\u0144, przydomowe sady wzbogaca\u0142y krajobraz najbli\u017cszego otoczenia gospodarstw polskiej wsi. Krzewieniem sadownictwa w\u015br\u00f3d rolnik\u00f3w zajmowa\u0142 si\u0119 ju\u017c m\u00f3j pradziadek na prze\u0142omie XIX i XX wieku, prowadz\u0105c warsztaty z sadownictwa i pszczelarstwa, jako ca\u0142o\u015bci wzajemnie uzupe\u0142niaj\u0105cej si\u0119 &#8211; zapylanie kwiat\u00f3w jab\u0142oni przez pszczo\u0142y zwi\u0119ksza w znacznym stopniu plonowanie, daj\u0105c w zamian pszczo\u0142om \u017ar\u00f3d\u0142o do produkcji miodu.<\/p>\n<blockquote><p>Dostrzegaj\u0105c zanikaj\u0105ce stare przydomowe sady, postanowili\u015bmy przyczyni\u0107 si\u0119 r\u00f3wnie\u017c do odtworzenia starych odmian jab\u0142oni i krzewi\u0107 powr\u00f3t do tej staropolskiej tradycji.<\/p><\/blockquote>\n<p>Z posiadanego materia\u0142u genetycznego jakim s\u0105 nasze jab\u0142onie starych odmian, na obszarze ca\u0142ego gospodarstwa ten stary sad zostanie odtworzony &#8211; stare jab\u0142onie zostan\u0105 przeszczepione na m\u0142ode drzewka, co pozwoli na zachowanie ich przez nast\u0119pnych kilkadziesi\u0105t lat.<\/p>\n<blockquote><p><a href=\"https:\/\/i0.wp.com\/www.ekonuta.pl\/wp-content\/uploads\/2015\/07\/IMG_20150813_180609.jpg\"><img data-recalc-dims=\"1\" loading=\"lazy\" decoding=\"async\" data-attachment-id=\"150\" data-permalink=\"https:\/\/www.ekonuta.pl\/?attachment_id=150\" data-orig-file=\"https:\/\/i0.wp.com\/www.ekonuta.pl\/wp-content\/uploads\/2015\/07\/IMG_20150813_180609-e1631895376249.jpg?fit=1328%2C747&amp;ssl=1\" data-orig-size=\"1328,747\" data-comments-opened=\"0\" data-image-meta=\"{&quot;aperture&quot;:&quot;2.25&quot;,&quot;credit&quot;:&quot;&quot;,&quot;camera&quot;:&quot;BlackBerry Z10&quot;,&quot;caption&quot;:&quot;&quot;,&quot;created_timestamp&quot;:&quot;1439489169&quot;,&quot;copyright&quot;:&quot;&quot;,&quot;focal_length&quot;:&quot;4.04&quot;,&quot;iso&quot;:&quot;70&quot;,&quot;shutter_speed&quot;:&quot;0.0017&quot;,&quot;title&quot;:&quot;&quot;,&quot;orientation&quot;:&quot;1&quot;}\" data-image-title=\"IMG_20150813_180609\" data-image-description=\"\" data-image-caption=\"\" data-medium-file=\"https:\/\/i0.wp.com\/www.ekonuta.pl\/wp-content\/uploads\/2015\/07\/IMG_20150813_180609-e1631895376249.jpg?fit=300%2C169&amp;ssl=1\" data-large-file=\"https:\/\/i0.wp.com\/www.ekonuta.pl\/wp-content\/uploads\/2015\/07\/IMG_20150813_180609-e1631895376249.jpg?fit=1024%2C576&amp;ssl=1\" class=\"alignright size-medium wp-image-150\" src=\"https:\/\/i0.wp.com\/www.ekonuta.pl\/wp-content\/uploads\/2015\/07\/IMG_20150813_180609-300x169.jpg?resize=300%2C169\" alt=\"IMG_20150813_180609\" width=\"300\" height=\"169\" \/><\/a>Sad prowadzony jest wy\u0142\u0105cznie metodami ekologicznymi, bez stosowania chemicznych \u015brodk\u00f3w ochrony ro\u015blin. Ca\u0142e gospodarstwo oraz produkty w nim wytwarzane, posiadaj\u0105 certyfikat rolnictwa ekologicznego.<\/p><\/blockquote>\n<p><a href=\"https:\/\/i0.wp.com\/www.ekonuta.pl\/wp-content\/uploads\/2015\/07\/IMG_20151023_120403.jpg\"><img data-recalc-dims=\"1\" loading=\"lazy\" decoding=\"async\" data-attachment-id=\"229\" data-permalink=\"https:\/\/www.ekonuta.pl\/?attachment_id=229\" data-orig-file=\"https:\/\/i0.wp.com\/www.ekonuta.pl\/wp-content\/uploads\/2015\/07\/IMG_20151023_120403-e1631895489582.jpg?fit=1328%2C747&amp;ssl=1\" data-orig-size=\"1328,747\" data-comments-opened=\"0\" data-image-meta=\"{&quot;aperture&quot;:&quot;2.25&quot;,&quot;credit&quot;:&quot;&quot;,&quot;camera&quot;:&quot;BlackBerry Z10&quot;,&quot;caption&quot;:&quot;&quot;,&quot;created_timestamp&quot;:&quot;1445601843&quot;,&quot;copyright&quot;:&quot;&quot;,&quot;focal_length&quot;:&quot;4.04&quot;,&quot;iso&quot;:&quot;70&quot;,&quot;shutter_speed&quot;:&quot;0.005&quot;,&quot;title&quot;:&quot;&quot;,&quot;orientation&quot;:&quot;1&quot;}\" data-image-title=\"IMG_20151023_120403\" data-image-description=\"\" data-image-caption=\"\" data-medium-file=\"https:\/\/i0.wp.com\/www.ekonuta.pl\/wp-content\/uploads\/2015\/07\/IMG_20151023_120403-e1631895489582.jpg?fit=300%2C169&amp;ssl=1\" data-large-file=\"https:\/\/i0.wp.com\/www.ekonuta.pl\/wp-content\/uploads\/2015\/07\/IMG_20151023_120403-e1631895489582.jpg?fit=1024%2C576&amp;ssl=1\" class=\"alignleft size-medium wp-image-229\" src=\"https:\/\/i0.wp.com\/www.ekonuta.pl\/wp-content\/uploads\/2015\/07\/IMG_20151023_120403-300x169.jpg?resize=300%2C169\" alt=\"IMG_20151023_120403\" width=\"300\" height=\"169\" \/><\/a><\/p>\n","protected":false},"excerpt":{"rendered":"<p>EKONUTA jest kontynuacj\u0105 pokoleniowej dzia\u0142alno\u015bci sadowniczej, zapocz\u0105tkowanej przez moich rodzic\u00f3w, kt\u00f3rzy w 1964 roku za\u0142o\u017cyli sad owocowy wykorzystuj\u0105c do nasadze\u0144 g\u0142\u00f3wnie stare odmiany jab\u0142oni takie, jak: Malinowa Oberlandzka, Szara Reneta, Z\u0142ota Reneta, Cesarz Wilhelm, Bancroft, Cortland, McIntosh, Boiken, Oliwka \u017b\u00f3\u0142ta. Sad ten w niezmienionej postaci przetrwa\u0142 po dzi\u015b dzie\u0144. S\u0105 to wysokopienne drzewa jab\u0142oniowe rozmiar\u00f3w [&hellip;]<\/p>\n","protected":false},"author":1,"featured_media":0,"parent":0,"menu_order":0,"comment_status":"closed","ping_status":"closed","template":"","meta":{"jetpack_post_was_ever_published":false,"footnotes":""},"class_list":["post-4","page","type-page","status-publish","czr-hentry"],"yoast_head":"<!-- This site is optimized with the Yoast SEO plugin v27.2 - https:\/\/yoast.com\/product\/yoast-seo-wordpress\/ -->\n<title>O nas - EKONUTA<\/title>\n<meta name=\"robots\" content=\"index, follow, max-snippet:-1, max-image-preview:large, max-video-preview:-1\" \/>\n<link rel=\"canonical\" href=\"https:\/\/www.ekonuta.pl\/?page_id=4\" \/>\n<meta property=\"og:locale\" content=\"pl_PL\" \/>\n<meta property=\"og:type\" content=\"article\" \/>\n<meta property=\"og:title\" content=\"O nas - EKONUTA\" \/>\n<meta property=\"og:description\" content=\"EKONUTA jest kontynuacj\u0105 pokoleniowej dzia\u0142alno\u015bci sadowniczej, zapocz\u0105tkowanej przez moich rodzic\u00f3w, kt\u00f3rzy w 1964 roku za\u0142o\u017cyli sad owocowy wykorzystuj\u0105c do nasadze\u0144 g\u0142\u00f3wnie stare odmiany jab\u0142oni takie, jak: Malinowa Oberlandzka, Szara Reneta, Z\u0142ota Reneta, Cesarz Wilhelm, Bancroft, Cortland, McIntosh, Boiken, Oliwka \u017b\u00f3\u0142ta. Sad ten w niezmienionej postaci przetrwa\u0142 po dzi\u015b dzie\u0144. S\u0105 to wysokopienne drzewa jab\u0142oniowe rozmiar\u00f3w [&hellip;]\" \/>\n<meta property=\"og:url\" content=\"https:\/\/www.ekonuta.pl\/?page_id=4\" \/>\n<meta property=\"og:site_name\" content=\"EKONUTA\" \/>\n<meta property=\"article:modified_time\" content=\"2020-02-07T09:01:25+00:00\" \/>\n<meta property=\"og:image\" content=\"http:\/\/www.ekonuta.pl\/wp-content\/uploads\/2015\/07\/IMG_20150815_120358-300x169.jpg\" \/>\n<meta name=\"twitter:card\" content=\"summary_large_image\" \/>\n<meta name=\"twitter:label1\" content=\"Szacowany czas czytania\" \/>\n\t<meta name=\"twitter:data1\" content=\"1 minuta\" \/>\n<script type=\"application\/ld+json\" class=\"yoast-schema-graph\">{\"@context\":\"https:\/\/schema.org\",\"@graph\":[{\"@type\":\"WebPage\",\"@id\":\"https:\/\/www.ekonuta.pl\/?page_id=4\",\"url\":\"https:\/\/www.ekonuta.pl\/?page_id=4\",\"name\":\"O nas - EKONUTA\",\"isPartOf\":{\"@id\":\"https:\/\/www.ekonuta.pl\/#website\"},\"primaryImageOfPage\":{\"@id\":\"https:\/\/www.ekonuta.pl\/?page_id=4#primaryimage\"},\"image\":{\"@id\":\"https:\/\/www.ekonuta.pl\/?page_id=4#primaryimage\"},\"thumbnailUrl\":\"http:\/\/www.ekonuta.pl\/wp-content\/uploads\/2015\/07\/IMG_20150815_120358-300x169.jpg\",\"datePublished\":\"2015-07-02T14:42:07+00:00\",\"dateModified\":\"2020-02-07T09:01:25+00:00\",\"breadcrumb\":{\"@id\":\"https:\/\/www.ekonuta.pl\/?page_id=4#breadcrumb\"},\"inLanguage\":\"pl-PL\",\"potentialAction\":[{\"@type\":\"ReadAction\",\"target\":[\"https:\/\/www.ekonuta.pl\/?page_id=4\"]}]},{\"@type\":\"ImageObject\",\"inLanguage\":\"pl-PL\",\"@id\":\"https:\/\/www.ekonuta.pl\/?page_id=4#primaryimage\",\"url\":\"http:\/\/www.ekonuta.pl\/wp-content\/uploads\/2015\/07\/IMG_20150815_120358-300x169.jpg\",\"contentUrl\":\"http:\/\/www.ekonuta.pl\/wp-content\/uploads\/2015\/07\/IMG_20150815_120358-300x169.jpg\"},{\"@type\":\"BreadcrumbList\",\"@id\":\"https:\/\/www.ekonuta.pl\/?page_id=4#breadcrumb\",\"itemListElement\":[{\"@type\":\"ListItem\",\"position\":1,\"name\":\"Strona g\u0142\u00f3wna\",\"item\":\"https:\/\/www.ekonuta.pl\/\"},{\"@type\":\"ListItem\",\"position\":2,\"name\":\"O nas\"}]},{\"@type\":\"WebSite\",\"@id\":\"https:\/\/www.ekonuta.pl\/#website\",\"url\":\"https:\/\/www.ekonuta.pl\/\",\"name\":\"EKONUTA\",\"description\":\"Tradycyjne produkty ekologiczne z owoc\u00f3w starych odmian jab\u0142oni - dawny smak owoc\u00f3w\",\"potentialAction\":[{\"@type\":\"SearchAction\",\"target\":{\"@type\":\"EntryPoint\",\"urlTemplate\":\"https:\/\/www.ekonuta.pl\/?s={search_term_string}\"},\"query-input\":{\"@type\":\"PropertyValueSpecification\",\"valueRequired\":true,\"valueName\":\"search_term_string\"}}],\"inLanguage\":\"pl-PL\"}]}<\/script>\n<!-- \/ Yoast SEO plugin. -->","yoast_head_json":{"title":"O nas - EKONUTA","robots":{"index":"index","follow":"follow","max-snippet":"max-snippet:-1","max-image-preview":"max-image-preview:large","max-video-preview":"max-video-preview:-1"},"canonical":"https:\/\/www.ekonuta.pl\/?page_id=4","og_locale":"pl_PL","og_type":"article","og_title":"O nas - EKONUTA","og_description":"EKONUTA jest kontynuacj\u0105 pokoleniowej dzia\u0142alno\u015bci sadowniczej, zapocz\u0105tkowanej przez moich rodzic\u00f3w, kt\u00f3rzy w 1964 roku za\u0142o\u017cyli sad owocowy wykorzystuj\u0105c do nasadze\u0144 g\u0142\u00f3wnie stare odmiany jab\u0142oni takie, jak: Malinowa Oberlandzka, Szara Reneta, Z\u0142ota Reneta, Cesarz Wilhelm, Bancroft, Cortland, McIntosh, Boiken, Oliwka \u017b\u00f3\u0142ta. Sad ten w niezmienionej postaci przetrwa\u0142 po dzi\u015b dzie\u0144. S\u0105 to wysokopienne drzewa jab\u0142oniowe rozmiar\u00f3w [&hellip;]","og_url":"https:\/\/www.ekonuta.pl\/?page_id=4","og_site_name":"EKONUTA","article_modified_time":"2020-02-07T09:01:25+00:00","og_image":[{"url":"http:\/\/www.ekonuta.pl\/wp-content\/uploads\/2015\/07\/IMG_20150815_120358-300x169.jpg","type":"","width":"","height":""}],"twitter_card":"summary_large_image","twitter_misc":{"Szacowany czas czytania":"1 minuta"},"schema":{"@context":"https:\/\/schema.org","@graph":[{"@type":"WebPage","@id":"https:\/\/www.ekonuta.pl\/?page_id=4","url":"https:\/\/www.ekonuta.pl\/?page_id=4","name":"O nas - EKONUTA","isPartOf":{"@id":"https:\/\/www.ekonuta.pl\/#website"},"primaryImageOfPage":{"@id":"https:\/\/www.ekonuta.pl\/?page_id=4#primaryimage"},"image":{"@id":"https:\/\/www.ekonuta.pl\/?page_id=4#primaryimage"},"thumbnailUrl":"http:\/\/www.ekonuta.pl\/wp-content\/uploads\/2015\/07\/IMG_20150815_120358-300x169.jpg","datePublished":"2015-07-02T14:42:07+00:00","dateModified":"2020-02-07T09:01:25+00:00","breadcrumb":{"@id":"https:\/\/www.ekonuta.pl\/?page_id=4#breadcrumb"},"inLanguage":"pl-PL","potentialAction":[{"@type":"ReadAction","target":["https:\/\/www.ekonuta.pl\/?page_id=4"]}]},{"@type":"ImageObject","inLanguage":"pl-PL","@id":"https:\/\/www.ekonuta.pl\/?page_id=4#primaryimage","url":"http:\/\/www.ekonuta.pl\/wp-content\/uploads\/2015\/07\/IMG_20150815_120358-300x169.jpg","contentUrl":"http:\/\/www.ekonuta.pl\/wp-content\/uploads\/2015\/07\/IMG_20150815_120358-300x169.jpg"},{"@type":"BreadcrumbList","@id":"https:\/\/www.ekonuta.pl\/?page_id=4#breadcrumb","itemListElement":[{"@type":"ListItem","position":1,"name":"Strona g\u0142\u00f3wna","item":"https:\/\/www.ekonuta.pl\/"},{"@type":"ListItem","position":2,"name":"O nas"}]},{"@type":"WebSite","@id":"https:\/\/www.ekonuta.pl\/#website","url":"https:\/\/www.ekonuta.pl\/","name":"EKONUTA","description":"Tradycyjne produkty ekologiczne z owoc\u00f3w starych odmian jab\u0142oni - dawny smak owoc\u00f3w","potentialAction":[{"@type":"SearchAction","target":{"@type":"EntryPoint","urlTemplate":"https:\/\/www.ekonuta.pl\/?s={search_term_string}"},"query-input":{"@type":"PropertyValueSpecification","valueRequired":true,"valueName":"search_term_string"}}],"inLanguage":"pl-PL"}]}},"jetpack_sharing_enabled":true,"jetpack_shortlink":"https:\/\/wp.me\/P7P49A-4","_links":{"self":[{"href":"https:\/\/www.ekonuta.pl\/index.php?rest_route=\/wp\/v2\/pages\/4","targetHints":{"allow":["GET"]}}],"collection":[{"href":"https:\/\/www.ekonuta.pl\/index.php?rest_route=\/wp\/v2\/pages"}],"about":[{"href":"https:\/\/www.ekonuta.pl\/index.php?rest_route=\/wp\/v2\/types\/page"}],"author":[{"embeddable":true,"href":"https:\/\/www.ekonuta.pl\/index.php?rest_route=\/wp\/v2\/users\/1"}],"replies":[{"embeddable":true,"href":"https:\/\/www.ekonuta.pl\/index.php?rest_route=%2Fwp%2Fv2%2Fcomments&post=4"}],"version-history":[{"count":0,"href":"https:\/\/www.ekonuta.pl\/index.php?rest_route=\/wp\/v2\/pages\/4\/revisions"}],"wp:attachment":[{"href":"https:\/\/www.ekonuta.pl\/index.php?rest_route=%2Fwp%2Fv2%2Fmedia&parent=4"}],"curies":[{"name":"wp","href":"https:\/\/api.w.org\/{rel}","templated":true}]}}